{"id":790,"date":"2025-04-03T16:03:57","date_gmt":"2025-04-03T14:03:57","guid":{"rendered":"https:\/\/www.villa.ksarighnda.com\/mentions-legales-2\/"},"modified":"2025-07-16T09:00:43","modified_gmt":"2025-07-16T07:00:43","slug":"informazioni-legali","status":"publish","type":"page","link":"https:\/\/www.villa.ksarighnda.com\/it\/mentions-legales\/","title":{"rendered":"Informazioni legali"},"content":{"rendered":"<div data-elementor-type=\"wp-page\" data-elementor-id=\"790\" class=\"elementor elementor-790\" data-elementor-post-type=\"page\">\n\t\t\t\t<div class=\"elementor-element elementor-element-167ab7a e-con-full e-flex e-con e-parent\" data-id=\"167ab7a\" data-element_type=\"container\" data-e-type=\"container\" data-settings=\"{&quot;background_background&quot;:&quot;classic&quot;}\">\n\t\t<div class=\"elementor-element elementor-element-221e7fcf e-con-full entrance-clip-path-both e-flex e-con e-child\" data-id=\"221e7fcf\" data-element_type=\"container\" data-e-type=\"container\">\n\t\t\t\t<div class=\"elementor-element elementor-element-67f7c88b elementor-widget__width-inherit elementor-widget elementor-widget-image\" data-id=\"67f7c88b\" data-element_type=\"widget\" data-e-type=\"widget\" data-widget_type=\"image.default\">\n\t\t\t\t<div class=\"elementor-widget-container\">\n\t\t\t\t\t\t\t\t\t\t\t\t\t\t\t<img fetchpriority=\"high\" decoding=\"async\" width=\"1223\" height=\"817\" src=\"https:\/\/www.villa.ksarighnda.com\/wp-content\/uploads\/2025\/04\/Villa-exterieur-7-2.jpg\" class=\"attachment-full size-full wp-image-1276\" alt=\"\" srcset=\"https:\/\/www.villa.ksarighnda.com\/wp-content\/uploads\/2025\/04\/Villa-exterieur-7-2.jpg 1223w, https:\/\/www.villa.ksarighnda.com\/wp-content\/uploads\/2025\/04\/Villa-exterieur-7-2-300x200.jpg 300w, https:\/\/www.villa.ksarighnda.com\/wp-content\/uploads\/2025\/04\/Villa-exterieur-7-2-1024x684.jpg 1024w, https:\/\/www.villa.ksarighnda.com\/wp-content\/uploads\/2025\/04\/Villa-exterieur-7-2-768x513.jpg 768w, https:\/\/www.villa.ksarighnda.com\/wp-content\/uploads\/2025\/04\/Villa-exterieur-7-2-18x12.jpg 18w\" sizes=\"(max-width: 1223px) 100vw, 1223px\" title=\"\">\t\t\t\t\t\t\t\t\t\t\t\t\t\t\t<\/div>\n\t\t\t\t<\/div>\n\t\t\t\t<\/div>\n\t\t\t\t<div class=\"elementor-element elementor-element-6f402607 entrance-bottom  titre-barre elementor-widget elementor-widget-heading\" data-id=\"6f402607\" data-element_type=\"widget\" data-e-type=\"widget\" data-widget_type=\"heading.default\">\n\t\t\t\t<div class=\"elementor-widget-container\">\n\t\t\t\t\t<span class=\"elementor-heading-title elementor-size-default\">Ksar Ighnda<\/span>\t\t\t\t<\/div>\n\t\t\t\t<\/div>\n\t\t\t\t<div class=\"elementor-element elementor-element-67371b6d entrance-bottom elementor-widget elementor-widget-heading\" data-id=\"67371b6d\" data-element_type=\"widget\" data-e-type=\"widget\" data-widget_type=\"heading.default\">\n\t\t\t\t<div class=\"elementor-widget-container\">\n\t\t\t\t\t<span class=\"elementor-heading-title elementor-size-default\">Informazioni legali<\/span>\t\t\t\t<\/div>\n\t\t\t\t<\/div>\n\t\t\t\t<\/div>\n\t\t<div class=\"elementor-element elementor-element-672410b6 e-flex e-con-boxed e-con e-child\" data-id=\"672410b6\" data-element_type=\"container\" data-e-type=\"container\">\n\t\t\t\t\t<div class=\"e-con-inner\">\n\t\t\t\t<div class=\"elementor-element elementor-element-37116552 elementor-widget-laptop__width-initial elementor-widget elementor-widget-text-editor\" data-id=\"37116552\" data-element_type=\"widget\" data-e-type=\"widget\" data-widget_type=\"text-editor.default\">\n\t\t\t\t<div class=\"elementor-widget-container\">\n\t\t\t\t\t\t\t\t\t<p>Nome della societ\u00e0 operativa : KSAR IGHNDA<\/p><p>Email : contact@ighnda.net<br \/><span style=\"color: var( --e-global-color-text ); font-family: var( --e-global-typography-text-font-family ), Sans-serif; font-size: var( --e-global-typography-text-font-size ); font-weight: var( --e-global-typography-text-font-weight ); text-align: var(--text-align); background-color: var( --e-global-color-0f2837a );\">Telefono: + 212 (0)6 4 111 4 555<br \/><\/span><span style=\"color: var( --e-global-color-text ); font-family: var( --e-global-typography-text-font-family ), Sans-serif; font-size: var( --e-global-typography-text-font-size ); font-weight: var( --e-global-typography-text-font-weight ); text-align: var(--text-align); background-color: var( --e-global-color-0f2837a );\">Capitale sociale: MAD 500.000<br \/><\/span><span style=\"color: var( --e-global-color-text ); font-family: var( --e-global-typography-text-font-family ), Sans-serif; font-size: var( --e-global-typography-text-font-size ); font-weight: var( --e-global-typography-text-font-weight ); text-align: var(--text-align); background-color: var( --e-global-color-0f2837a );\">Numero di identificazione IVA individuale :\u00a0<br \/><\/span><span style=\"color: var( --e-global-color-text ); font-family: var( --e-global-typography-text-font-family ), Sans-serif; font-size: var( --e-global-typography-text-font-size ); font-weight: var( --e-global-typography-text-font-weight ); text-align: var(--text-align); background-color: var( --e-global-color-0f2837a );\">Numero di Siret :\u00a0<br \/><\/span><span style=\"color: var( --e-global-color-text ); font-family: var( --e-global-typography-text-font-family ), Sans-serif; font-size: var( --e-global-typography-text-font-size ); font-weight: var( --e-global-typography-text-font-weight ); text-align: var(--text-align); background-color: var( --e-global-color-0f2837a );\">Credito fotografico: \u00a9Eliophot \u00a9Ksar Ighnda<\/span><\/p><p>RESPONSABILIT\u00c0<br \/>Accedendo a questo sito, l'utente \u00e8 informato che l'uso di Internet richiede il rispetto di una serie di leggi relative in particolare al copyright e alla legge sulla protezione dei dati. KSAR IGHNDA e ELIOPHOT non possono essere ritenuti responsabili di eventuali errori o omissioni. L'editore si riserva inoltre il diritto di modificare e aggiornare le informazioni contenute nel sito in qualsiasi momento.<\/p><p>COPYRIGHT<br \/>In applicazione del Codice della Propriet\u00e0 Intellettuale francese, la riproduzione per uso diverso da quello privato, la vendita, la distribuzione, la pubblicazione, l'adattamento o la comunicazione, parziale o totale, dei dati (presentazione, layout del sito, foto, testi e illustrazioni protetti dal diritto d'autore) \u00e8 rigorosamente subordinata alla previa autorizzazione scritta dei titolari dei suddetti diritti.<\/p><p>TECNOLOGIA DELL'INFORMAZIONE E LIBERT\u00c0 CIVILI<br \/>Ogni utente che abbia fornito direttamente o indirettamente informazioni nominative ha diritto di accesso e rettifica ai sensi della legge n. 7817 del 6\/01\/78 (Informatica e Libert\u00e0) contattando l'amministratore del sito.<\/p><p>PROTEZIONE DEI DATI PERSONALI<br \/>IDENTIT\u00c0 DEL TITOLARE DEL TRATTAMENTO<br \/>Il Sito \u00e8 pubblicato dalla societ\u00e0 che lo gestisce, i cui dati di contatto sono riportati sopra.<br \/>L'accesso al sito web e l'utilizzo dei suoi contenuti sono soggetti alle condizioni di utilizzo descritte di seguito.<\/p><p>NATURA DEI DATI PERSONALI<br \/>Per \"dati personali\" si intende qualsiasi informazione personale che l'utente pu\u00f2 condividere con la societ\u00e0 operativa e che pu\u00f2 consentire a quest'ultima, direttamente o indirettamente, di identificarlo come persona fisica, ad esempio quando visita il sito web, richiede informazioni o prenota una camera o un altro servizio.<\/p><p>DATI PERSONALI RACCOLTI<br \/>\u00c8 possibile che vi venga chiesto di fornire i vostri dati personali quando navigate sul sito web della societ\u00e0 operativa.<\/p><p>La natura obbligatoria o facoltativa delle informazioni richieste \u00e8 indicata al momento della raccolta da un asterisco \"*\". Le informazioni contrassegnate con l'asterisco sono obbligatorie in quanto essenziali per l'elaborazione delle vostre richieste. Le altre informazioni hanno lo scopo di aiutarci a conoscervi meglio e a migliorare i servizi che offriamo. Sono pertanto facoltative.<\/p><p>La societ\u00e0 operativa raccoglie ed elabora il vostro cognome, nome, indirizzo e-mail, indirizzo di fatturazione, numero di telefono, indirizzo IP, dati di connessione e di navigazione, le vostre preferenze e interessi (camera non fumatori, camera preferita, tipo di soggiorno, ecc.) e le vostre recensioni online.<\/p><p>QUANDO VENGONO RACCOLTI I VOSTRI DATI PERSONALI?<br \/>L'utente naviga sul sito web (indirizzo IP e cookie) e consulta prodotti o servizi;<br \/>Potete inviare alla societ\u00e0 operativa le vostre osservazioni\/commenti in determinate sezioni, tramite questionari o moduli di contatto, oppure tramite la pagina ufficiale dei social network della societ\u00e0 operativa;<br \/>Si invia alla societ\u00e0 operativa un messaggio di posta elettronica ;<br \/>Iscrivetevi alla mailing list della newsletter;<br \/>Si condivide una pagina o un'offerta inviando un'e-mail o tramite un social network;<br \/>Compilate un questionario di soddisfazione;<br \/>Richiedete un preventivo.<\/p><p>ARCHIVIAZIONE DEI DATI<br \/>Le informazioni raccolte vengono memorizzate nei nostri diversi sistemi di prenotazione su database sicuri e certificati SSL.<\/p><p>Questo database include i nomi, gli indirizzi, i numeri di telefono, i titoli di lavoro, i nomi delle aziende e i dati delle carte di credito degli ospiti. Possiamo anche registrare altre informazioni, come le preferenze per la camera, i pasti, le bevande e altri servizi, nonch\u00e9 la storia del vostro soggiorno presso di noi.<\/p><p>SCOPO DELLA RACCOLTA DEI DATI DA PARTE DELLA SOCIET\u00c0 OPERATIVA<br \/>Attraverso il sito web, la societ\u00e0 di gestione raccoglie informazioni sull'utente strettamente necessarie per i seguenti scopi:<\/p><p>Per gestire le vostre richieste di informazioni e prenotazioni, nonch\u00e9 eventuali programmi di fidelizzazione;<br \/>Per migliorare e personalizzare i servizi dell'azienda e facilitare la navigazione nel sito web;<br \/>Gestire e monitorare tutte le relazioni con i clienti;<br \/>Gestire le iscrizioni a notizie e offerte promozionali della societ\u00e0 operativa (newsletter);<br \/>Gestire tutte le vostre richieste di accesso in conformit\u00e0 alla legislazione vigente;<br \/>Gestione delle fatture non pagate e delle controversie;<br \/>Gestire le candidature per le offerte di lavoro della societ\u00e0 operativa di cui si \u00e8 venuti a conoscenza o le candidature non richieste;<br \/>Misurare la qualit\u00e0 e la soddisfazione.<br \/>Se non si forniscono le informazioni richieste, la richiesta non verr\u00e0 elaborata.<\/p><p>GLI IMPEGNI DELLA SOCIET\u00c0 OPERATIVA IN MATERIA DI PROTEZIONE DEI DATI PERSONALI<br \/>TRASPARENZA E FINALIT\u00c0 <br \/>Nessun dato personale \u00e8 o sar\u00e0 raccolto a vostra insaputa. La natura facoltativa o obbligatoria delle informazioni da comunicare alla societ\u00e0 operativa nell'ambito della raccolta dei dati effettuata sul sito web vi sar\u00e0 indicata in anticipo dalla presenza del simbolo asterisco \"*\". La societ\u00e0 operativa raccoglie ed elabora i vostri dati personali esclusivamente per le finalit\u00e0 descritte nella presente Informativa legale.<\/p><p>PROPORZIONALIT\u00c0 E PERTINENZA <br \/>La societ\u00e0 operativa raccoglie ed elabora solo i dati personali necessari per evadere la vostra richiesta o per personalizzare i servizi che vi vengono offerti.<\/p><p>TEMPO DI MEMORIZZAZIONE DEI DATI<br \/>La societ\u00e0 operativa conserver\u00e0 i dati personali dell'utente solo per il tempo necessario al loro trattamento in conformit\u00e0 alla normativa vigente.<\/p><p>SICUREZZA E RISERVATEZZA<br \/>La societ\u00e0 operativa si impegna ad adottare le misure necessarie per garantire la riservatezza dei dati e a non divulgarli a terzi non autorizzati.<\/p><p>Potremmo essere tenuti a trasmettere i vostri dati personali alle autorit\u00e0 locali se ci\u00f2 \u00e8 richiesto dalla legge o nell'ambito di un'indagine e in conformit\u00e0 alle normative locali.<\/p><p>Come la maggior parte dei siti web, alcune informazioni vengono registrate automaticamente tramite un protocollo. Queste informazioni comprendono gli indirizzi di protocollo (indirizzo IP), il tipo di browser utilizzato, il provider di servizi Internet, le pagine di riferimento e finali, il sistema operativo, la data, l'ora e i dati Clickstream.<\/p><p>I cookie non registrano le informazioni fornite dagli utenti durante una prenotazione online o la registrazione di un account cliente. I cookie identificano il browser e non l'utente e non possono da soli rivelare la sua identit\u00e0.<\/p><p>RISPETTO DEI VOSTRI DIRITTI<br \/>L'utente \u00e8 informato del suo diritto di interrogazione, accesso, rettifica e opposizione per motivi legittimi, nonch\u00e9 del suo diritto di opporsi a un'attivit\u00e0 di marketing in conformit\u00e0 alle disposizioni della legge n. 78-17 del 6 gennaio 1978.<\/p><p>DIRITTI DI ACCESSO, RETTIFICA E OPPOSIZIONE<br \/>Conformemente alla legge francese n. 78-17 del 6 gennaio 1978 sul trattamento dei dati, degli archivi e delle libert\u00e0 individuali, l'utente ha il diritto di accedere alle informazioni che lo riguardano e di rettificarle su richiesta scritta.<br \/>Potete anche, per motivi legittimi, opporvi al trattamento dei vostri dati.<\/p><p>Per esercitare uno qualsiasi di questi diritti e ottenere informazioni sull'utente, \u00e8 sufficiente contattare la societ\u00e0 operativa, i cui dati di contatto sono riportati all'inizio del presente Avviso legale.<\/p><p>COCCOLE<br \/>Quando visitate il sito web, alcune informazioni relative alla navigazione del vostro terminale possono essere registrate in file chiamati \"cookie\" installati sul vostro terminale, in base alle scelte che avete fatto in merito ai cookie e che potete modificare in qualsiasi momento.<\/p><p>Un cookie \u00e8 un piccolo file di testo memorizzato in uno spazio dedicato sul disco rigido del terminale quando si utilizza il browser per consultare un servizio online. Esso consente al mittente di identificare il terminale in cui \u00e8 memorizzato per la durata della validit\u00e0 o della conservazione del cookie.<\/p><p>I cookie rilasciati dalla societ\u00e0 operativa vengono utilizzati per le finalit\u00e0 descritte di seguito, per la durata di validit\u00e0 del cookie in questione, in base alle scelte dell'utente, che derivano dalle impostazioni del software del browser utilizzato quando visita il sito web e che l'utente pu\u00f2 modificare in qualsiasi momento.<\/p><p>I cookie di aziende partner (cookie di terze parti) possono essere inseriti nel vostro computer attraverso le pagine del sito web<\/p><p>Solo il mittente di un cookie pu\u00f2 leggere o modificare le informazioni in esso contenute.<\/p><p>Sul sito web vengono utilizzati diversi tipi di cookie per scopi diversi. Alcuni sono necessari per l'utilizzo del sito web.<\/p><p>COOKIE ANALITICI<br \/>Si tratta di cookie che consentono alla societ\u00e0 operativa :<\/p><p>generare statistiche sulle varie componenti del sito (sezioni e contenuti visitati, percorso effettuato) al fine di migliorare l'esperienza di navigazione offerta;<br \/>per contare il numero totale di annunci pubblicitari da essa visualizzati sui suoi spazi pubblicitari, per identificare tali annunci, il numero di volte in cui vengono visualizzati, il numero di clic e le informazioni di navigazione.<br \/>Esempio di cookie analitici<\/p><p>GA Analytics: registrazione dei dati di navigazione<br \/>utm Analytics: registrazione dei dati di navigazione<br \/>Campagna: registrazione dei dati di navigazione per campagne pubblicitarie<br \/>COOKIE E PLUG-IN DI SOCIAL NETWORK (PULSANTI SOCIALI)<br \/>La societ\u00e0 di gestione pu\u00f2 includere nel sito web strumenti per la condivisione di contenuti con altre persone o per informare queste altre persone della vostra consultazione o opinione sui contenuti del nostro sito. \u00c8 il caso in particolare dei pulsanti \"Condividi\" e \"Mi piace\" dei social network come Facebook, Twitter, ecc.<\/p><p>La societ\u00e0 operativa non ha alcun controllo sul processo di raccolta delle informazioni da parte dei social network.<\/p><p>Facebook Connect: connettersi utilizzando il proprio account Facebook<br \/>Facebook Social Graph: condivisione della pagina su Facebook<br \/>Pinterest: condividere la pagina su Pinterest<br \/>Linkedin: condividere la pagina su Linkedin<br \/>Instagram: condivisione della pagina su Instagram<\/p><p>COOKIE E IDENTIFICATORI DI MACCHINA PER TRANSAZIONI SICURE<br \/>Vi informiamo che quando effettuate un ordine, la societ\u00e0 di gestione, o i suoi fornitori di servizi che agiscono per suo conto, possono inserire cookie o raccogliere informazioni relative al vostro terminale, in particolare le informazioni (attributi tecnici di sicurezza) necessarie per riconoscere il vostro apparecchio (computer, tablet o telefono cellulare) al fine di identificarlo per garantire le transazioni nel vostro interesse.<\/p><p>COOKIE PUBBLICITARI<br \/>I contenuti pubblicitari (grafica, animazioni, video, ecc.) visualizzati negli spazi pubblicitari della societ\u00e0 operativa possono contenere cookie emessi da terze parti che, durante il periodo di validit\u00e0 dei cookie, possono essere utilizzati per contare i clic e offrirvi la pubblicit\u00e0 pi\u00f9 appropriata in base al vostro comportamento di navigazione, ai centri di interesse e alle vostre preferenze.<\/p><p>Il rifiuto dei cookie pubblicitari non ha alcun impatto sull'utilizzo del sito e non comporta la cessazione della pubblicit\u00e0 sul sito o su Internet. L'unico effetto sar\u00e0 la visualizzazione di pubblicit\u00e0 che non terr\u00e0 conto dei centri di interesse o delle preferenze dell'utente.<\/p><p>Questi cookie dipendono principalmente dalle agenzie pubblicitarie. Non possiamo elencarli tutti in questa sede:<\/p><p>AdWords: acquisto di parole chiave sponsorizzate visualizzate su Google<br \/>Pubblico personalizzato di Facebook<br \/>pubblicit\u00e0 mirata: registrazione dei modelli di navigazione<\/p><p>TARGETING PUBBLICITARIO<br \/>Il sito pu\u00f2 contenere cookie rilasciati da terze parti (agenzie e strumenti pubblicitari) e pu\u00f2 consentire loro, durante il periodo di validit\u00e0 del cookie, di raccogliere i dati di navigazione relativi ai dispositivi che si connettono ai nostri siti e di proporvi contenuti pubblicitari suscettibili di corrispondere alla vostra precedente navigazione sul sito.<\/p><p>In nessun caso la raccolta di questi dati consentir\u00e0 a questi fornitori di servizi di identificarvi personalmente. Il cognome, il nome, il nome utente, l'indirizzo postale, l'indirizzo e-mail e la password non saranno in alcun caso comunicati a terzi senza il vostro previo ed esplicito consenso.<\/p><p>LE VOSTRE SCELTE IN MATERIA DI COOKIE<br \/>L'utente dispone di diverse opzioni per la gestione dei cookie. Le impostazioni effettuate possono influire sulla vostra esperienza di navigazione in Internet e sulle condizioni di accesso a determinati servizi che richiedono l'uso di cookie.<\/p><p>LE SCELTE OFFERTE DAL SOFTWARE DEL BROWSER<br \/>\u00c8 possibile personalizzare il proprio browser web (Google Chrome, Internet Explorer, Mozilla Firefox, ecc.) in modo che i cookie vengano memorizzati sul proprio terminale o, al contrario, vengano rifiutati.<\/p><p>RIFIUTO DEI COOKIE<br \/>Se l'utente rifiuta di accettare i cookie, alcune funzioni, come l'identificazione\/collegamento al proprio spazio personale, o la personalizzazione della navigazione (scelta della lingua preferita, ad esempio) non saranno pi\u00f9 disponibili.<\/p><p>La societ\u00e0 operativa declina ogni responsabilit\u00e0 per le conseguenze di un funzionamento degradato dei suoi servizi e delle sue funzioni a causa del rifiuto del cookie.<\/p><p>COME ESERCITARE LE PROPRIE SCELTE, A SECONDA DEL BROWSER UTILIZZATO<br \/>Per gestire i cookie e le vostre scelte, la configurazione di ogni browser \u00e8 diversa. Questo \u00e8 descritto nel menu di aiuto del vostro browser, che vi indicher\u00e0 come modificare le vostre preferenze sui cookie.<\/p><p>Per Internet Explorer\u2122 :<\/p><p>https:\/\/support.microsoft.com\/fr-fr\/help\/17442\/windows-internet-explorer-delete-manage-cookies<br \/>o<\/p><p>In Internet Explorer, fare clic sul pulsante Strumenti, quindi su Opzioni Internet. Nella scheda Generale, alla voce Cronologia di navigazione, fare clic su Impostazioni. Fare clic sul pulsante Mostra file. Fare clic sull'intestazione della colonna Nome per ordinare tutti i file in ordine alfabetico, quindi scorrere l'elenco fino a visualizzare i file che iniziano con il prefisso \"Cookie\" (tutti i cookie hanno questo prefisso e di solito contengono il nome del sito web che ha creato il cookie). Selezionare i cookie contenenti il nome della societ\u00e0 che opera e cancellarli. Chiudere la finestra contenente l'elenco dei file, quindi fare clic due volte su OK per tornare a Internet Explorer.<\/p><p>Per Safari\u2122:<\/p><p>https:\/\/support.apple.com\/fr-fr\/guide\/safari\/sfri11471\/mac<br \/>Oppure<br \/>Nel browser, scegliere Modifica &gt; Preferenze. Fare clic su Sicurezza. Cliccate su Mostra cookie. Selezionate i cookie contenenti il nome della societ\u00e0 operativa e cliccate su Elimina o Elimina tutto. Una volta eliminati i cookie, fare clic su Fine.<\/p><p>Per Chrome\u2122: vedere qui<\/p><p>Oppure<br \/>Aprire Google Chrome. Nella barra degli strumenti del browser, fare clic su Altro. Posizionate il cursore su Altri strumenti, quindi fate clic su Cancella dati di navigazione. Nella finestra \"Cancella dati di navigazione\", spuntate le caselle Cookie e dati di altri siti o plug-in e Immagini e file memorizzati nella cache. Utilizzare il menu in alto per selezionare la quantit\u00e0 di dati da eliminare. Selezionare Dall'inizio per eliminare tutto. Fare clic su Elimina dati di navigazione.<\/p><p>Per Firefox\u2122: vedere qui<\/p><p>Oppure<br \/>Accedere alla scheda \"Strumenti\" del browser e selezionare il menu \"Opzioni\". Nella finestra che appare, selezionate \"Privacy\" e fate clic su \"Elimina cookie specifici\". Individuate i file contenenti il nome della societ\u00e0 di gestione. Selezionateli e cancellateli.<\/p><p>PER MAGGIORI INFORMAZIONI SUI COOKIE<br \/>La societ\u00e0 operativa vi invita a consultare il sito web della CNIL al seguente indirizzo: https:\/\/www.cnil.fr\/fr\/cookies-les-outils-pour-les-maitriser<\/p><p>RINVIO AL DIFENSORE CIVICO DEI CONSUMATORI<br \/>Ai sensi degli articoli L. 616-1 e R. 111-1 6\u00b0 del Codice del Consumo, il cliente ha il diritto di rivolgersi all'Ombudsman del Turismo e dei Viaggi, i cui recapiti sono attualmente i seguenti:<\/p><p>Mediatore turistico e di viaggio,<br \/>MTV Mediazione Turismo Viaggi<br \/>BP 80 303<br \/>75823 Parigi Cedex 17<\/p>\t\t\t\t\t\t\t\t<\/div>\n\t\t\t\t<\/div>\n\t\t\t\t\t<\/div>\n\t\t\t\t<\/div>\n\t\t\t\t<\/div>","protected":false},"excerpt":{"rendered":"<p>Ksar Ighnda Mentions l\u00e9gales Raison sociale de la soci\u00e9t\u00e9 exploitante : KSAR IGHNDA Email : contact@ighnda.netT\u00e9l\u00e9phone : + 212 (0)6 4 111 4 555Capital social :\u00a0 500 000 dirhamsNum\u00e9ro individuel d\u2019identification de TVA :\u00a0Num\u00e9ro de Siret :\u00a0Cr\u00e9dit photo : \u00a9Eliophot \u00a9Ksar Ighnda RESPONSABILIT\u00c9En acc\u00e9dant \u00e0 ce site, vous \u00eates inform\u00e9 que l\u2019utilisation d\u2019Internet n\u00e9cessite le [&hellip;]<\/p>\n","protected":false},"author":5,"featured_media":0,"parent":0,"menu_order":0,"comment_status":"closed","ping_status":"closed","template":"","meta":{"inline_featured_image":false,"footnotes":""},"class_list":["post-790","page","type-page","status-publish","hentry"],"_links":{"self":[{"href":"https:\/\/www.villa.ksarighnda.com\/it\/wp-json\/wp\/v2\/pages\/790","targetHints":{"allow":["GET"]}}],"collection":[{"href":"https:\/\/www.villa.ksarighnda.com\/it\/wp-json\/wp\/v2\/pages"}],"about":[{"href":"https:\/\/www.villa.ksarighnda.com\/it\/wp-json\/wp\/v2\/types\/page"}],"author":[{"embeddable":true,"href":"https:\/\/www.villa.ksarighnda.com\/it\/wp-json\/wp\/v2\/users\/5"}],"replies":[{"embeddable":true,"href":"https:\/\/www.villa.ksarighnda.com\/it\/wp-json\/wp\/v2\/comments?post=790"}],"version-history":[{"count":22,"href":"https:\/\/www.villa.ksarighnda.com\/it\/wp-json\/wp\/v2\/pages\/790\/revisions"}],"predecessor-version":[{"id":1552,"href":"https:\/\/www.villa.ksarighnda.com\/it\/wp-json\/wp\/v2\/pages\/790\/revisions\/1552"}],"wp:attachment":[{"href":"https:\/\/www.villa.ksarighnda.com\/it\/wp-json\/wp\/v2\/media?parent=790"}],"curies":[{"name":"wp","href":"https:\/\/api.w.org\/{rel}","templated":true}]}}